{"id":395,"date":"2022-11-12T16:01:15","date_gmt":"2022-11-12T15:01:15","guid":{"rendered":"https:\/\/praxis-knies.de\/?page_id=395"},"modified":"2022-11-12T16:07:03","modified_gmt":"2022-11-12T15:07:03","slug":"impressum","status":"publish","type":"page","link":"https:\/\/praxis-knies.de\/?page_id=395","title":{"rendered":"Impressum"},"content":{"rendered":"<h2>Angaben gem\u00e4\u00df \u00a7 5 TMG<\/h2>\n<p>Alexandra Knies<br \/>\nPraxis Dr. med. Alexandra Knies<br \/>\nSteinweg 57<br \/>\n37290 Meissner-Abterode<\/p>\n<h2>Kontakt<\/h2>\n<p>Telefon: 05657248<br \/>\nTelefax: 056577157<br \/>\n<a href=\"wp-content\/uploads\/2022\/11\/redirect-mailto.php\">E-Mail<\/a><\/p>\n<h2>Aufsichtsbeh\u00f6rde<\/h2>\n<p>Landes\u00e4rztekammer Hessen<br \/>\nHanauer Landstra\u00dfe 152<br \/>\n60314 Frankfurt<\/p>\n<p><a href=\"https:\/\/www.laekh.de\" target=\"_blank\" rel=\"noopener noreferrer\">https:\/\/www.laekh.de<\/a><\/p>\n<h2>Angaben zur Berufs\u00adhaftpflicht\u00adversicherung<\/h2>\n<p><strong>Name und Sitz des Versicherers:<\/strong><br \/>\nHDI Deutschland AG<br \/>\nHDI-Platz 1<br \/>\n30659 Hannover<\/p>\n<p><strong>Geltungsraum der Versicherung:<\/strong><br \/>\nDeutschland<\/p>\n<h2>Verbraucher\u00adstreit\u00adbeilegung\/Universal\u00adschlichtungs\u00adstelle<\/h2>\n<p>Wir sind nicht bereit oder verpflichtet, an Streitbeilegungsverfahren vor einer Verbraucherschlichtungsstelle teilzunehmen.<\/p>\n<p>Quelle: <a href=\"https:\/\/www.e-recht24.de\">e-recht24.de<\/a><\/p>\n","protected":false},"excerpt":{"rendered":"<p>Angaben gem\u00e4\u00df \u00a7 5 TMG Alexandra Knies Praxis Dr. med. Alexandra Knies Steinweg 57 37290 Meissner-Abterode Kontakt Telefon: 05657248 Telefax: 056577157 E-Mail Aufsichtsbeh\u00f6rde Landes\u00e4rztekammer Hessen Hanauer Landstra\u00dfe 152 60314 Frankfurt https:\/\/www.laekh.de Angaben zur Berufs\u00adhaftpflicht\u00adversicherung Name und Sitz des Versicherers: HDI Deutschland AG HDI-Platz 1 30659 Hannover Geltungsraum der Versicherung: Deutschland Verbraucher\u00adstreit\u00adbeilegung\/Universal\u00adschlichtungs\u00adstelle Wir sind nicht bereit [&hellip;]<\/p>\n","protected":false},"author":2,"featured_media":0,"parent":0,"menu_order":0,"comment_status":"closed","ping_status":"closed","template":"","meta":{"footnotes":""},"class_list":["post-395","page","type-page","status-publish","hentry","wpbf-post"],"_links":{"self":[{"href":"https:\/\/praxis-knies.de\/index.php?rest_route=\/wp\/v2\/pages\/395","targetHints":{"allow":["GET"]}}],"collection":[{"href":"https:\/\/praxis-knies.de\/index.php?rest_route=\/wp\/v2\/pages"}],"about":[{"href":"https:\/\/praxis-knies.de\/index.php?rest_route=\/wp\/v2\/types\/page"}],"author":[{"embeddable":true,"href":"https:\/\/praxis-knies.de\/index.php?rest_route=\/wp\/v2\/users\/2"}],"replies":[{"embeddable":true,"href":"https:\/\/praxis-knies.de\/index.php?rest_route=%2Fwp%2Fv2%2Fcomments&post=395"}],"version-history":[{"count":4,"href":"https:\/\/praxis-knies.de\/index.php?rest_route=\/wp\/v2\/pages\/395\/revisions"}],"predecessor-version":[{"id":1252,"href":"https:\/\/praxis-knies.de\/index.php?rest_route=\/wp\/v2\/pages\/395\/revisions\/1252"}],"wp:attachment":[{"href":"https:\/\/praxis-knies.de\/index.php?rest_route=%2Fwp%2Fv2%2Fmedia&parent=395"}],"curies":[{"name":"wp","href":"https:\/\/api.w.org\/{rel}","templated":true}]}}